{"id":242,"date":"2019-09-10T18:53:12","date_gmt":"2019-09-10T16:53:12","guid":{"rendered":"https:\/\/rittenhofen.wordpress.com\/?page_id=57"},"modified":"2019-09-10T18:53:12","modified_gmt":"2019-09-10T16:53:12","slug":"satzung-2","status":"publish","type":"page","link":"https:\/\/rittenhofen.de\/?page_id=242","title":{"rendered":"Satzung"},"content":{"rendered":"\n<div class=\"wp-block-file\"><a href=\"http:\/\/rittenhofen.de\/wp-content\/uploads\/2019\/10\/satzung.pdf\">Satzung<\/a><a href=\"http:\/\/rittenhofen.de\/wp-content\/uploads\/2019\/10\/satzung.pdf\" class=\"wp-block-file__button\" download>Herunterladen<\/a><\/div>\n\n\n\n<p class=\"has-medium-font-size\"><strong>\u00a7 1&nbsp;&nbsp;&nbsp;&nbsp; Name und Sitz<\/strong><\/p>\n\n\n\n<p>&nbsp;&nbsp;&nbsp;&nbsp;&nbsp;&nbsp;&nbsp;&nbsp;&nbsp;&nbsp; Der Verein f\u00fchrt den\nNamen:&nbsp;<strong>F\u00f6rderverein \u201eDorf Rittenhofen e.V.\u201d<\/strong>&nbsp;Sitz des Vereins\nist in P\u00fcttlingen.<\/p>\n\n\n\n<p class=\"has-medium-font-size\"><strong>\u00a7 2&nbsp;&nbsp;&nbsp;&nbsp; Gemeinn\u00fctzigkeit<\/strong><\/p>\n\n\n\n<p>&nbsp;&nbsp;&nbsp;&nbsp;&nbsp;&nbsp;&nbsp;&nbsp;&nbsp;&nbsp; 1.&nbsp;&nbsp; Der Verein erf\u00fcllt ausschlie\u00dflich und\nunmittelbar gemeinn\u00fctzige Zwecke im Sinne der \u00a7\u00a7 51 ff AO.<\/p>\n\n\n\n<p>&nbsp;&nbsp;&nbsp;&nbsp;&nbsp;&nbsp;&nbsp;&nbsp;&nbsp;&nbsp; 2.&nbsp;&nbsp; Der Verein ist selbstlos t\u00e4tig und verfolgt\nnicht in erster Linie eigenwirtschaftliche Zwecke, sondern die F\u00f6rderung der\nDorfgemeinschaft, Unterhaltung des Dorfplatzes und des Backhauses und die\nErhaltung des l\u00e4ndlichen Charakters des Ortsteils Rittenhofen. Diese Ziele\nsollen verwirklicht werden durch gemeinsames, traditionelles und \u00f6kologisches\nBacken, sowie durch Veranstaltungen, die der St\u00e4rkung der Kommunikation in der\nDorfgemeinschaft, der Pflege des Brauchtums und des Heimatgedankens dienlich\nsind.<\/p>\n\n\n\n<p>&nbsp;&nbsp;&nbsp;&nbsp;&nbsp;&nbsp;&nbsp;&nbsp;&nbsp;&nbsp; 3.&nbsp;&nbsp; Mittel des Vereins d\u00fcrfen nur f\u00fcr die\nsatzungsm\u00e4\u00dfigen Zwecke verwendet werden. Die Mitglieder erhalten keine\nZuwendungen aus Mitteln des Vereins. Bei Ausscheiden oder Aufl\u00f6sung des Vereins\nwerden keine Einzahlungen zur\u00fcckgezahlt.<\/p>\n\n\n\n<p>&nbsp;&nbsp;&nbsp;&nbsp;&nbsp;&nbsp;&nbsp;&nbsp;&nbsp;&nbsp; 4.&nbsp;&nbsp; Es darf keine Person durch Ausgaben, die dem\nZweck des Vereins fremd sind, und \/ oder unverh\u00e4ltnism\u00e4\u00dfig hohe Verg\u00fctungen\nbeg\u00fcnstigt werden.<\/p>\n\n\n\n<p>&nbsp;&nbsp;&nbsp;&nbsp;&nbsp;&nbsp;&nbsp;&nbsp;&nbsp;&nbsp; 5.&nbsp;&nbsp; Nach Aufl\u00f6sung des Vereins, oder bei Wegfall\nseines bisherigen Zwecks, soll noch vorhandenes Verm\u00f6gen, mit Genehmigung des\nFinanzamtes, einer gemeinn\u00fctzigen sozialen Einrichtung zuflie\u00dfen.<\/p>\n\n\n\n<p>&nbsp;&nbsp;&nbsp;&nbsp;&nbsp;&nbsp;&nbsp;&nbsp;&nbsp;&nbsp; 6.&nbsp;&nbsp; Der Verein ist an keine politische Partei\noder Konfession gebunden.<\/p>\n\n\n\n<p class=\"has-medium-font-size\"><strong>\u00a7 3&nbsp;&nbsp;&nbsp;&nbsp; Mitgliedschaft<\/strong><\/p>\n\n\n\n<p>&nbsp;&nbsp;&nbsp;&nbsp;&nbsp;&nbsp;&nbsp;&nbsp;&nbsp;&nbsp; 1.&nbsp;&nbsp; Mitglied des Vereins, kann jede nat\u00fcrliche\nund juristische Person werden. Die Mitglieder k\u00f6nnen an allen Veranstaltungen\ndes Vereins teilnehmen und haben die M\u00f6glichkeit, das Backhaus zu erm\u00e4\u00dfigten\nKonditionen zu mieten.<\/p>\n\n\n\n<p>&nbsp;&nbsp;&nbsp;&nbsp;&nbsp;&nbsp;&nbsp;&nbsp;&nbsp;&nbsp; 2.&nbsp;&nbsp; Mit der Beitrittserkl\u00e4rung und Anerkennung\nder Satzung beginnt die Mitgliedschaft.<\/p>\n\n\n\n<p>&nbsp;&nbsp;&nbsp;&nbsp;&nbsp;&nbsp;&nbsp;&nbsp;&nbsp;&nbsp; 3.&nbsp;&nbsp; Sie endet:<\/p>\n\n\n\n<p>&nbsp;&nbsp;&nbsp;&nbsp;&nbsp;&nbsp;&nbsp;&nbsp;&nbsp;&nbsp; &nbsp;&nbsp;&nbsp;&nbsp;&nbsp; a)&nbsp;&nbsp;&nbsp;&nbsp; mit\nAblauf des Monats, in dem der Austritt schriftlich erkl\u00e4rt wird.<\/p>\n\n\n\n<p>&nbsp;&nbsp;&nbsp;&nbsp;&nbsp;&nbsp;&nbsp;&nbsp;&nbsp;&nbsp; &nbsp;&nbsp;&nbsp;&nbsp;&nbsp; b)&nbsp;&nbsp;&nbsp;&nbsp; mit\ndem Tode.<\/p>\n\n\n\n<p>&nbsp;&nbsp;&nbsp;&nbsp;&nbsp;&nbsp;&nbsp;&nbsp;&nbsp;&nbsp; &nbsp;&nbsp;&nbsp;&nbsp;&nbsp; c)&nbsp;&nbsp;&nbsp;&nbsp; mit\nder Ausschlusserkl\u00e4rung durch Vorstandsbeschluss, wenn ein Mitglied gegen die\nSatzung verst\u00f6\u00dft.<\/p>\n\n\n\n<p class=\"has-medium-font-size\"><strong>\u00a7 4&nbsp;&nbsp;&nbsp;&nbsp; Gesch\u00e4ftsjahr<\/strong><\/p>\n\n\n\n<p>&nbsp;&nbsp;&nbsp;&nbsp;&nbsp;&nbsp;&nbsp;&nbsp;&nbsp;&nbsp; Gesch\u00e4ftsjahr ist das\nKalenderjahr.<\/p>\n\n\n\n<p class=\"has-medium-font-size\"><strong>\u00a7 5&nbsp;&nbsp;&nbsp;&nbsp; Mitgliedsbeitrag<\/strong><\/p>\n\n\n\n<p>&nbsp;&nbsp;&nbsp;&nbsp;&nbsp;&nbsp;&nbsp;&nbsp;&nbsp;&nbsp; Der Mitgliedsbeitrag wird\nvon der Jahrshauptversammlung festgesetzt. Er wird j\u00e4hrlich erhoben. Bei\nFamilienmitgliedschaft werden Ehegatte und Kinder als Mitglieder im Verein\ngef\u00fchrt. Kinder jedoch l\u00e4ngstens bis zum Erreichen des 18. Lebensjahres.<\/p>\n\n\n\n<p class=\"has-medium-font-size\"><strong>\u00a7 6&nbsp;&nbsp;&nbsp;&nbsp; Organe<\/strong><\/p>\n\n\n\n<p>&nbsp;&nbsp;&nbsp;&nbsp;&nbsp;&nbsp;&nbsp;&nbsp;&nbsp;&nbsp; &nbsp;&nbsp;&nbsp;&nbsp;&nbsp; Organe sind:<\/p>\n\n\n\n<p>&nbsp;&nbsp;&nbsp;&nbsp;&nbsp;&nbsp;&nbsp;&nbsp;&nbsp;&nbsp; &nbsp;&nbsp;&nbsp;&nbsp;&nbsp; a)&nbsp;&nbsp;&nbsp;&nbsp; der\nVorstand<\/p>\n\n\n\n<p>&nbsp;&nbsp;&nbsp;&nbsp;&nbsp;&nbsp;&nbsp;&nbsp;&nbsp;&nbsp; &nbsp;&nbsp;&nbsp;&nbsp;&nbsp; b)&nbsp;&nbsp;&nbsp;&nbsp; der\nRechnungspr\u00fcfungsausschuss<\/p>\n\n\n\n<p>&nbsp;&nbsp;&nbsp;&nbsp;&nbsp;&nbsp;&nbsp;&nbsp;&nbsp;&nbsp; &nbsp;&nbsp;&nbsp;&nbsp;&nbsp; c)&nbsp;&nbsp;&nbsp;&nbsp; die\nMitgliederversammlung<\/p>\n\n\n\n<p class=\"has-medium-font-size\"><strong>\u00a7 7&nbsp;&nbsp;&nbsp;&nbsp; Vorstand<\/strong><\/p>\n\n\n\n<p>&nbsp;&nbsp;&nbsp;&nbsp;&nbsp;&nbsp;&nbsp;&nbsp;&nbsp;&nbsp; 1.&nbsp;&nbsp; Den gesch\u00e4ftsf\u00fchrenden Vorstand bilden::<\/p>\n\n\n\n<p>&nbsp;&nbsp;&nbsp;&nbsp;&nbsp;&nbsp;&nbsp;&nbsp;&nbsp;&nbsp; &nbsp;&nbsp;&nbsp;&nbsp;&nbsp; a)&nbsp;&nbsp;&nbsp;&nbsp; der\n\/ die Vorsitzende<\/p>\n\n\n\n<p>&nbsp;&nbsp;&nbsp;&nbsp;&nbsp;&nbsp;&nbsp;&nbsp;&nbsp;&nbsp; &nbsp;&nbsp;&nbsp;&nbsp;&nbsp; b)&nbsp;&nbsp;&nbsp;&nbsp; der\n\/ die stellvertretende Vorsitzende<\/p>\n\n\n\n<p>&nbsp;&nbsp;&nbsp;&nbsp;&nbsp;&nbsp;&nbsp;&nbsp;&nbsp;&nbsp; &nbsp;&nbsp;&nbsp;&nbsp;&nbsp; c)&nbsp;&nbsp;&nbsp;&nbsp; der\n\/ die Schatzmeister \/ -in<\/p>\n\n\n\n<p>&nbsp;&nbsp;&nbsp;&nbsp;&nbsp;&nbsp;&nbsp;&nbsp;&nbsp;&nbsp; &nbsp;&nbsp;&nbsp;&nbsp;&nbsp; d)&nbsp;&nbsp;&nbsp;&nbsp; der\n\/ die Schriftf\u00fchrer \/ -in<\/p>\n\n\n\n<p>&nbsp;&nbsp;&nbsp;&nbsp;&nbsp;&nbsp;&nbsp;&nbsp;&nbsp;&nbsp; &nbsp;&nbsp;&nbsp;&nbsp;&nbsp; e)&nbsp;&nbsp;&nbsp;&nbsp; der\n\/ die Organisationsleiter \/ -in<\/p>\n\n\n\n<p>&nbsp;&nbsp;&nbsp;&nbsp;&nbsp;&nbsp;&nbsp;&nbsp;&nbsp;&nbsp; 2.&nbsp;&nbsp; Die Anzahl an Beisitzern, wird vom Vorstand\nnach Bedarf ohne Begrenzung festgelegt.<\/p>\n\n\n\n<p>&nbsp;&nbsp;&nbsp;&nbsp;&nbsp;&nbsp;&nbsp;&nbsp;&nbsp;&nbsp; 3.&nbsp;&nbsp; Die Wahl des Vorstandes erfolgt mit einfacher\nStimmenmehrheit durch die Jahrshauptversammlung. Sie gilt f\u00fcr 3 Jahre, eine\nWiederwahl ist m\u00f6glich.<\/p>\n\n\n\n<p>&nbsp;&nbsp;&nbsp;&nbsp;&nbsp;&nbsp;&nbsp;&nbsp;&nbsp;&nbsp; 4.&nbsp;&nbsp; Kein Vorstandsmitglied erh\u00e4lt f\u00fcr seine\nT\u00e4tigkeit eine Verg\u00fctung. Nachgewiesene Aufwendungen k\u00f6nnen jedoch ersetzt\nwerden.<\/p>\n\n\n\n<p>&nbsp;&nbsp;&nbsp;&nbsp;&nbsp;&nbsp;&nbsp;&nbsp;&nbsp;&nbsp; 5.&nbsp;&nbsp; Der Vorsitzende und der stellvertretende\nVorsitzende, sind alleinvertretungsberechtigte Vorstandsmitglieder im Sinne des\n\u00a7 26 BGB.<\/p>\n\n\n\n<p class=\"has-medium-font-size\"><strong>\u00a7 8&nbsp;&nbsp;&nbsp;&nbsp; Beschlussfassung und Abstimmung des Vorstandes<\/strong><\/p>\n\n\n\n<p>&nbsp;&nbsp;&nbsp;&nbsp;&nbsp;&nbsp;&nbsp;&nbsp;&nbsp;&nbsp; Der Vorstand ist\nbeschlussf\u00e4hig, wenn mindestens die H\u00e4lfte der ihm satzungsgem\u00e4\u00df angeh\u00f6renden\nMitglieder anwesend ist. Die Abstimmungen im Vorstand erfolgen mit einfacher\nStimmenmehrheit der anwesenden Vorstandmitglieder. Bei Stimmengleichheit gibt\ndie Stimme des Vorsitzenden den Ausschlag.<\/p>\n\n\n\n<p class=\"has-medium-font-size\"><strong>\u00a7 9&nbsp;&nbsp;&nbsp;&nbsp; Aufgabenverteilung der Organe<\/strong><\/p>\n\n\n\n<p>&nbsp;&nbsp;&nbsp;&nbsp;&nbsp;&nbsp;&nbsp;&nbsp;&nbsp;&nbsp; 1.&nbsp;&nbsp; Der \/ die Vorsitzende ist verantwortlich f\u00fcr\ndie F\u00fchrung des Vereins und vertritt den F\u00f6rderverein nach innen und au\u00dfen. Er\n\/ Sie l\u00e4dt zu den Vorstandssitzungen ein.<\/p>\n\n\n\n<p>&nbsp;&nbsp;&nbsp;&nbsp;&nbsp;&nbsp;&nbsp;&nbsp;&nbsp;&nbsp; 2.&nbsp;&nbsp; Der \/ die stellvertretende Vorsitzende nimmt\nin Abwesenheit des Vorsitzenden dessen Vertretung mit allen Rechten und\nPflichten wahr.<\/p>\n\n\n\n<p>&nbsp;&nbsp;&nbsp;&nbsp;&nbsp;&nbsp;&nbsp;&nbsp;&nbsp;&nbsp; 3.&nbsp;&nbsp; Der \/ die Schatzmeister \/ -in verwaltet das\nVereinsverm\u00f6gen, f\u00fchrt das Kassenbuch und \u00fcberwacht den Ein- und Ausgang der\nBeitr\u00e4ge. Zahlungsanweisungen werden vom Vorsitzenden nur nach Gegenzeichnung\ndes Schatzmeisters unterzeichnet.<\/p>\n\n\n\n<p>&nbsp;&nbsp;&nbsp;&nbsp;&nbsp;&nbsp;&nbsp;&nbsp;&nbsp;&nbsp; 4.&nbsp;&nbsp; Der \/ die Schriftf\u00fchrer \/ in ist f\u00fcr die\ngesamte schriftliche Arbeit zust\u00e4ndig und verfasst \u00fcber alle Versammlungen und\nSitzungen eine Niederschrift.<\/p>\n\n\n\n<p>&nbsp;&nbsp;&nbsp;&nbsp;&nbsp;&nbsp;&nbsp;&nbsp;&nbsp;&nbsp; 5.&nbsp;&nbsp; Der \/ die Organisationsleiter \/ -in plant in\nAbstimmung mit den anderen Vorstandsmitgliedern die vom Verein durchgef\u00fchrten\nVeranstaltungen und Aktionen.<\/p>\n\n\n\n<p>&nbsp;&nbsp;&nbsp;&nbsp;&nbsp;&nbsp;&nbsp;&nbsp;&nbsp;&nbsp; 6.&nbsp;&nbsp; Der Rechnungspr\u00fcfungsausschuss besteht aus\nzwei Mitgliedern, die nicht dem Vorstand angeh\u00f6ren. Er wird alle 3 Jahre neu\ngew\u00e4hlt, eine Wiederwahl ist m\u00f6glich.<\/p>\n\n\n\n<p>&nbsp;&nbsp;&nbsp;&nbsp;&nbsp;&nbsp;&nbsp;&nbsp;&nbsp;&nbsp; 7.&nbsp;&nbsp; Die Mitgliederversammlung wird vom Vorstand\nmind. einmal im Jahr einberufen. Die Einladung erfolgt fristgerecht zwei Wochen\nvorher durch Bekanntmachung im \u00d6ffentlichen Anzeiger. Die Versammlung ist\nbeschlussf\u00e4hig, wenn satzungsgem\u00e4\u00df eingeladen wurde und entscheidet mit\neinfacher Mehrheit. (Ausnahmen sind die \u00a7\u00a7 10 u. 13). Auf Verlangen von 1\/3 der\nMitglieder muss eine au\u00dferordentliche Mitgliederversammlung einberufen werden.\nEbenso kann der Vorstand jederzeit eine au\u00dferordentliche Mitgliederversammlung\neinberufen. Die au\u00dferordentliche Mitgliederversammlung ist dann beschlussf\u00e4hig,\nwenn 10 % der Mitglieder vertreten sind!<\/p>\n\n\n\n<p class=\"has-medium-font-size\"><strong>\u00a7 10&nbsp;&nbsp; Satzungs\u00e4nderungen<\/strong><\/p>\n\n\n\n<p>&nbsp;&nbsp;&nbsp;&nbsp;&nbsp;&nbsp;&nbsp;&nbsp;&nbsp;&nbsp; Satzungs\u00e4nderungen k\u00f6nnen\nnur mit einer 2\/3 Mehrheit der Mitgliederversammlung vorgenommen werden.\nAntr\u00e4ge dazu sind eine Woche vor dem Versammlungstermin schriftlich beim\nVorsitzenden einzureichen.<\/p>\n\n\n\n<p class=\"has-medium-font-size\"><strong>\u00a7 11&nbsp;&nbsp; Tagesordnung der Mitgliederversammlung<\/strong><\/p>\n\n\n\n<p>&nbsp;&nbsp;&nbsp;&nbsp;&nbsp;&nbsp;&nbsp;&nbsp;&nbsp;&nbsp; Die ausliegende und\nver\u00f6ffentlichte Tagesordnung muss folgendes enthalten:<\/p>\n\n\n\n<p>&nbsp;&nbsp;&nbsp;&nbsp;&nbsp;&nbsp;&nbsp;&nbsp;&nbsp;&nbsp; 1.&nbsp;&nbsp; Feststellung der Anwesenheit und\nBeschlussf\u00e4higkeit<\/p>\n\n\n\n<p>&nbsp;&nbsp;&nbsp;&nbsp;&nbsp;&nbsp;&nbsp;&nbsp;&nbsp;&nbsp; 2.&nbsp;&nbsp; Erstattung des Gesch\u00e4ftsberichtes \u00fcber das\nabgelaufene Gesch\u00e4ftsjahr<\/p>\n\n\n\n<p>&nbsp;&nbsp;&nbsp;&nbsp;&nbsp;&nbsp;&nbsp;&nbsp;&nbsp;&nbsp; 3.&nbsp;&nbsp; Aussprache zu den Gesch\u00e4ftsberichten<\/p>\n\n\n\n<p>&nbsp;&nbsp;&nbsp;&nbsp;&nbsp;&nbsp;&nbsp;&nbsp;&nbsp;&nbsp; 4.&nbsp;&nbsp; Bericht des Rechnungspr\u00fcfungsausschusses<\/p>\n\n\n\n<p>&nbsp;&nbsp;&nbsp;&nbsp;&nbsp;&nbsp;&nbsp;&nbsp;&nbsp;&nbsp; 5.&nbsp;&nbsp; Wahl eines Versammlungsleiters<\/p>\n\n\n\n<p>&nbsp;&nbsp;&nbsp;&nbsp;&nbsp;&nbsp;&nbsp;&nbsp;&nbsp;&nbsp; 6.&nbsp;&nbsp; Entlastung des Vorstandes<\/p>\n\n\n\n<p>&nbsp;&nbsp;&nbsp;&nbsp;&nbsp;&nbsp;&nbsp;&nbsp;&nbsp;&nbsp; 7.&nbsp;&nbsp; Neuwahl des Vorstandes bzw. Erg\u00e4nzungswahl<\/p>\n\n\n\n<p>&nbsp;&nbsp;&nbsp;&nbsp;&nbsp;&nbsp;&nbsp;&nbsp;&nbsp;&nbsp; 8.&nbsp;&nbsp; Beratung und Beschlussfassung der\nvorliegenden Antr\u00e4ge<\/p>\n\n\n\n<p>&nbsp;&nbsp;&nbsp;&nbsp;&nbsp;&nbsp;&nbsp;&nbsp;&nbsp;&nbsp; 9.&nbsp;&nbsp; Verschiedenes<\/p>\n\n\n\n<p>&nbsp;&nbsp;&nbsp;&nbsp;&nbsp;&nbsp;&nbsp;&nbsp;&nbsp;&nbsp; \u00dcber den Verlauf der unter\n9.7 genannten Mitgliederversammlung ist durch den Schriftf\u00fchrer ein Protokoll\nanzufertigen, das vom Vorsitzenden und dem Schriftf\u00fchrer zu unterzeichnen ist.<\/p>\n\n\n\n<p class=\"has-medium-font-size\"><strong>\u00a7 12&nbsp;&nbsp; Beschlussfassung und Wahlen<\/strong><\/p>\n\n\n\n<p>&nbsp;&nbsp;&nbsp;&nbsp;&nbsp;&nbsp;&nbsp;&nbsp;&nbsp;&nbsp; Beschl\u00fcsse werden durch\nHandheben mit einfacher Mehrheit gefasst. Bei Stimmengleichheit gilt ein Antrag\nals abgelehnt. Wahlen sind geheim, es sei denn, es liegt nur 1 Wahlvorschlag\nvor. Auch wenn nur 1 Vorschlag vorliegt, erfolgt die Wahl geheim, sobald auch\nnur 1 Stimmberechtigter dies verlangt. Gew\u00e4hlt ist der, der die einfache\nMehrheit der abgegebenen und g\u00fcltigen Stimmen erh\u00e4lt. W\u00e4hlbar ist auch jemand,\nder nicht anwesend ist, wenn er seine Zustimmung schriftlich erkl\u00e4rt hat.<\/p>\n\n\n\n<p class=\"has-medium-font-size\"><strong>\u00a7 13&nbsp;&nbsp; Aufl\u00f6sung des F\u00f6rdervereins<\/strong><\/p>\n\n\n\n<p>&nbsp;&nbsp;&nbsp;&nbsp;&nbsp;&nbsp;&nbsp;&nbsp;&nbsp;&nbsp; Die Aufl\u00f6sung des\nF\u00f6rdervereins kann nur von mind. 1\/3 aller Mitglieder beantragt werden und muss\nauf einer ordentlichen Mitgliederversammlung mit mind. 3\/4 Mehrheit der\nErschienenen beschlossen werden.<\/p>\n\n\n\n<p>P\u00fcttlingen, den 12.12.06<\/p>\n","protected":false},"excerpt":{"rendered":"<p>\u00a7 1&nbsp;&nbsp;&nbsp;&nbsp; Name und Sitz &nbsp;&nbsp;&nbsp;&nbsp;&nbsp;&nbsp;&nbsp;&nbsp;&nbsp;&nbsp; Der Verein f\u00fchrt den Namen:&nbsp;F\u00f6rderverein \u201eDorf Rittenhofen e.V.\u201d&nbsp;Sitz des Vereins ist in P\u00fcttlingen. \u00a7 2&nbsp;&nbsp;&nbsp;&nbsp; Gemeinn\u00fctzigkeit &nbsp;&nbsp;&nbsp;&nbsp;&nbsp;&nbsp;&nbsp;&nbsp;&nbsp;&nbsp; 1.&nbsp;&nbsp; Der Verein erf\u00fcllt ausschlie\u00dflich und unmittelbar gemeinn\u00fctzige Zwecke im Sinne der \u00a7\u00a7 51 ff AO. &nbsp;&nbsp;&nbsp;&nbsp;&nbsp;&nbsp;&nbsp;&nbsp;&nbsp;&nbsp; 2.&nbsp;&nbsp; Der Verein ist selbstlos t\u00e4tig und verfolgt nicht in erster Linie eigenwirtschaftliche Zwecke, sondern&hellip; <a href=\"https:\/\/rittenhofen.de\/?page_id=242\" class=\"more-link\">Weiterlesen <span class=\"screen-reader-text\">Satzung<\/span><\/a><\/p>\n","protected":false},"author":1,"featured_media":0,"parent":0,"menu_order":0,"comment_status":"closed","ping_status":"closed","template":"","meta":{"footnotes":""},"tags":[],"class_list":["post-242","page","type-page","status-publish","hentry","without-featured-image"],"jetpack_sharing_enabled":true,"_links":{"self":[{"href":"https:\/\/rittenhofen.de\/index.php?rest_route=\/wp\/v2\/pages\/242","targetHints":{"allow":["GET"]}}],"collection":[{"href":"https:\/\/rittenhofen.de\/index.php?rest_route=\/wp\/v2\/pages"}],"about":[{"href":"https:\/\/rittenhofen.de\/index.php?rest_route=\/wp\/v2\/types\/page"}],"author":[{"embeddable":true,"href":"https:\/\/rittenhofen.de\/index.php?rest_route=\/wp\/v2\/users\/1"}],"replies":[{"embeddable":true,"href":"https:\/\/rittenhofen.de\/index.php?rest_route=%2Fwp%2Fv2%2Fcomments&post=242"}],"version-history":[{"count":0,"href":"https:\/\/rittenhofen.de\/index.php?rest_route=\/wp\/v2\/pages\/242\/revisions"}],"wp:attachment":[{"href":"https:\/\/rittenhofen.de\/index.php?rest_route=%2Fwp%2Fv2%2Fmedia&parent=242"}],"wp:term":[{"taxonomy":"post_tag","embeddable":true,"href":"https:\/\/rittenhofen.de\/index.php?rest_route=%2Fwp%2Fv2%2Ftags&post=242"}],"curies":[{"name":"wp","href":"https:\/\/api.w.org\/{rel}","templated":true}]}}