{"id":243,"date":"2019-09-10T18:53:33","date_gmt":"2019-09-10T16:53:33","guid":{"rendered":"https:\/\/rittenhofen.wordpress.com\/?page_id=60"},"modified":"2022-11-12T16:54:23","modified_gmt":"2022-11-12T16:54:23","slug":"mitgliedschaft","status":"publish","type":"page","link":"https:\/\/rittenhofen.de\/?page_id=243","title":{"rendered":"Mitgliedschaft"},"content":{"rendered":"\n<p><strong>Mitgliedschaft<\/strong><\/p>\n\n\n\n<p>Es ist eine gute Idee, Mitglied im Verein zu werden. Sie unterst\u00fctzen den Verein finanziell und ideell. Die St\u00e4rkung der Dorfgemeinschaft und die Erhaltung des d\u00f6rflichen Charakters von Rittenhofen sind wichtige Anliegen in Zeiten der Globalisierung. Die Heimat, das Geheischnis (saarl\u00e4ndisch), soll erhalten werden.<br> <strong><a href=\"http:\/\/rittenhofen.de\/wp-content\/uploads\/2022\/11\/Beitrittserklaerung2022.pdf\">Die\u00a0Beitrittserkl\u00e4rung<\/a><\/strong>\u00a0liegt als pdf-Datei vor; Sie k\u00f6nnen sie herunterladen, ausdrucken und ausf\u00fcllen. Wenn Sie Mitglied werden, dann k\u00f6nnen Sie auch mitbestimmen (\u00a0<a href=\"http:\/\/rittenhofen.de\/?page_id=242\">s. Satzung<\/a>).<\/p>\n\n\n\n<p><strong>Spende<\/strong><\/p>\n\n\n\n<p>Wenn Sie den Verein finanziell unterst\u00fctzen wollen, gibt es noch eine weitere M\u00f6glichkeit:<br> Der F\u00f6rderverein \u201eDorf Rittenhofen e.V.\u201d ist als gemeinn\u00fctzig anerkannt. Sie k\u00f6nnen Ihre Spende auf das in der Folge angegebene Konto \u00fcberweisen. F\u00fcr Betr\u00e4ge bis 200 Euro k\u00f6nnen Sie den Einzahlungsbeleg bei der Steuer geltend machen, bei gr\u00f6\u00dferen Betr\u00e4gen brauchen Sie eine Spendenbescheinigung, die Ihnen der Vorstand des Vereins gerne ausstellt. Dazu brauchen wir Ihren Namen und Ihre Adresse. Senden Sie uns dazu eine Mail, rufen uns an oder senden uns einen Brief&nbsp;(<a href=\"http:\/\/rittenhofen.de\/?page_id=87\">s. Kontakt<\/a>)<\/p>\n\n\n\n<p><br> <strong>Die Bankverbindung lautet:<\/strong><br> F\u00f6rderverein \u201eDorf Rittenhofen e.V.\u201d<br> Volksbank Saar-West e.G.<br> BIC: GENODE51SLS<br> IBAN: DE08 5919 2000 1425 1700 03<\/p>\n\n\n\n<p>\u00a9 2022 F\u00f6rderverein Dorf Rittenhofen e.V.<\/p>\n","protected":false},"excerpt":{"rendered":"<p>Mitgliedschaft Es ist eine gute Idee, Mitglied im Verein zu werden. Sie unterst\u00fctzen den Verein finanziell und ideell. Die St\u00e4rkung der Dorfgemeinschaft und die Erhaltung des d\u00f6rflichen Charakters von Rittenhofen sind wichtige Anliegen in Zeiten der Globalisierung. Die Heimat, das Geheischnis (saarl\u00e4ndisch), soll erhalten werden. Die\u00a0Beitrittserkl\u00e4rung\u00a0liegt als pdf-Datei vor; Sie k\u00f6nnen sie herunterladen, ausdrucken und&hellip; <a href=\"https:\/\/rittenhofen.de\/?page_id=243\" class=\"more-link\">Weiterlesen <span class=\"screen-reader-text\">Mitgliedschaft<\/span><\/a><\/p>\n","protected":false},"author":1,"featured_media":0,"parent":0,"menu_order":0,"comment_status":"closed","ping_status":"closed","template":"","meta":{"footnotes":""},"tags":[],"class_list":["post-243","page","type-page","status-publish","hentry","without-featured-image"],"jetpack_sharing_enabled":true,"_links":{"self":[{"href":"https:\/\/rittenhofen.de\/index.php?rest_route=\/wp\/v2\/pages\/243","targetHints":{"allow":["GET"]}}],"collection":[{"href":"https:\/\/rittenhofen.de\/index.php?rest_route=\/wp\/v2\/pages"}],"about":[{"href":"https:\/\/rittenhofen.de\/index.php?rest_route=\/wp\/v2\/types\/page"}],"author":[{"embeddable":true,"href":"https:\/\/rittenhofen.de\/index.php?rest_route=\/wp\/v2\/users\/1"}],"replies":[{"embeddable":true,"href":"https:\/\/rittenhofen.de\/index.php?rest_route=%2Fwp%2Fv2%2Fcomments&post=243"}],"version-history":[{"count":8,"href":"https:\/\/rittenhofen.de\/index.php?rest_route=\/wp\/v2\/pages\/243\/revisions"}],"predecessor-version":[{"id":353,"href":"https:\/\/rittenhofen.de\/index.php?rest_route=\/wp\/v2\/pages\/243\/revisions\/353"}],"wp:attachment":[{"href":"https:\/\/rittenhofen.de\/index.php?rest_route=%2Fwp%2Fv2%2Fmedia&parent=243"}],"wp:term":[{"taxonomy":"post_tag","embeddable":true,"href":"https:\/\/rittenhofen.de\/index.php?rest_route=%2Fwp%2Fv2%2Ftags&post=243"}],"curies":[{"name":"wp","href":"https:\/\/api.w.org\/{rel}","templated":true}]}}