{"id":49,"date":"2018-09-18T17:23:55","date_gmt":"2018-09-18T15:23:55","guid":{"rendered":"https:\/\/rittenhofen.wordpress.com\/?page_id=5"},"modified":"2020-07-03T16:48:26","modified_gmt":"2020-07-03T16:48:26","slug":"startseite","status":"publish","type":"page","link":"https:\/\/rittenhofen.de\/","title":{"rendered":"Startseite"},"content":{"rendered":"\n<figure class=\"wp-block-image size-large is-resized\"><img loading=\"lazy\" decoding=\"async\" src=\"http:\/\/rittenhofen.de\/wp-content\/uploads\/2020\/05\/backhaus.jpg\" alt=\"\" class=\"wp-image-13\" width=\"535\" height=\"401\" srcset=\"https:\/\/rittenhofen.de\/wp-content\/uploads\/2020\/05\/backhaus.jpg 450w, https:\/\/rittenhofen.de\/wp-content\/uploads\/2020\/05\/backhaus-300x225.jpg 300w\" sizes=\"auto, (max-width: 535px) 100vw, 535px\" \/><\/figure>\n\n\n\n<p>Herzlich Willkommen<\/p>\n\n\n\n<p>Der Verein m\u00f6chte den d\u00f6rflichen Charakter von Rittenhofen f\u00f6rdern und die Dorfgemeinschaft pflegen. Gesellschaftlicher Mittelpunkt und unser Vereinshaus ist das <a href=\"http:\/\/rittenhofen.de\/?page_id=61\">Backhaus<\/a>.<\/p>\n\n\n\n<p>Weitere Informationen finden Sie in der&nbsp;<a href=\"http:\/\/rittenhofen.de\/?page_id=242\">Satzung&nbsp;<\/a>und im Bereich Termine<\/p>\n\n\n\n<p>Viel Spa\u00df beim St\u00f6bern auf unserer Homepage oder nehmen Sie doch einfach an unseren Veranstaltungen teil &#8211; auch wenn Sie nicht aus Rittenhofen sind. Au\u00dferdem k\u00f6nnen Sie als&nbsp;<a href=\"http:\/\/rittenhofen.de\/?page_id=243\">Mitglied&nbsp;<\/a>unseren Verein unterst\u00fctzen.<\/p>\n","protected":false},"excerpt":{"rendered":"<p>Herzlich Willkommen Der Verein m\u00f6chte den d\u00f6rflichen Charakter von Rittenhofen f\u00f6rdern und die Dorfgemeinschaft pflegen. Gesellschaftlicher Mittelpunkt und unser Vereinshaus ist das Backhaus. Weitere Informationen finden Sie in der&nbsp;Satzung&nbsp;und im Bereich Termine Viel Spa\u00df beim St\u00f6bern auf unserer Homepage oder nehmen Sie doch einfach an unseren Veranstaltungen teil &#8211; auch wenn Sie nicht aus Rittenhofen&hellip; <a href=\"https:\/\/rittenhofen.de\/\" class=\"more-link\">Weiterlesen <span class=\"screen-reader-text\">Startseite<\/span><\/a><\/p>\n","protected":false},"author":1,"featured_media":0,"parent":0,"menu_order":1,"comment_status":"closed","ping_status":"closed","template":"","meta":{"footnotes":""},"tags":[],"class_list":["post-49","page","type-page","status-publish","hentry","without-featured-image"],"jetpack_sharing_enabled":false,"_links":{"self":[{"href":"https:\/\/rittenhofen.de\/index.php?rest_route=\/wp\/v2\/pages\/49","targetHints":{"allow":["GET"]}}],"collection":[{"href":"https:\/\/rittenhofen.de\/index.php?rest_route=\/wp\/v2\/pages"}],"about":[{"href":"https:\/\/rittenhofen.de\/index.php?rest_route=\/wp\/v2\/types\/page"}],"author":[{"embeddable":true,"href":"https:\/\/rittenhofen.de\/index.php?rest_route=\/wp\/v2\/users\/1"}],"replies":[{"embeddable":true,"href":"https:\/\/rittenhofen.de\/index.php?rest_route=%2Fwp%2Fv2%2Fcomments&post=49"}],"version-history":[{"count":2,"href":"https:\/\/rittenhofen.de\/index.php?rest_route=\/wp\/v2\/pages\/49\/revisions"}],"predecessor-version":[{"id":292,"href":"https:\/\/rittenhofen.de\/index.php?rest_route=\/wp\/v2\/pages\/49\/revisions\/292"}],"wp:attachment":[{"href":"https:\/\/rittenhofen.de\/index.php?rest_route=%2Fwp%2Fv2%2Fmedia&parent=49"}],"wp:term":[{"taxonomy":"post_tag","embeddable":true,"href":"https:\/\/rittenhofen.de\/index.php?rest_route=%2Fwp%2Fv2%2Ftags&post=49"}],"curies":[{"name":"wp","href":"https:\/\/api.w.org\/{rel}","templated":true}]}}