{"id":72,"date":"2019-09-10T18:54:41","date_gmt":"2019-09-10T16:54:41","guid":{"rendered":"https:\/\/rittenhofen.wordpress.com\/?page_id=72"},"modified":"2019-09-10T18:54:41","modified_gmt":"2019-09-10T16:54:41","slug":"geschichte-2","status":"publish","type":"page","link":"https:\/\/rittenhofen.de\/?page_id=72","title":{"rendered":"Geschichte"},"content":{"rendered":"\n<p><strong>Vereinsgeschichte<\/strong><\/p>\n\n\n\n<p><strong>Vereinsgr\u00fcndung<\/strong><\/p>\n\n\n\n<p>&nbsp; &nbsp; &nbsp; &#8222;Zur Organisation und Durchf\u00fchrung eines\nDorffestes und der mit der Ortsversch\u00f6nerung verbundenen Aufgaben soll ein\nInteressenverein gegr\u00fcndet werden&#8220; hie\u00df es in der Einladung zur\nGr\u00fcndungsversammlung am 24.M\u00e4rz 1982 im Gasthaus &#8222;Zur hohen First&#8220;.<br>\n&nbsp; &nbsp; &nbsp; 33 Interessenten erschienen zur von Jakob Arweiler\ngeleiteten Versammlung und bei einer Gegenstimme beschloss man die Gr\u00fcndung Des\nF\u00f6rdervereins \u201eDorf Rittenhofen e.V.\u201d. <\/p>\n\n\n\n<p>Jakob Arweiler wurde zum Vorsitzenden gew\u00e4hlt, G\u00fcnther Leidner zu seinem\nStellvertreter, Johann Arweiler zum Schriftf\u00fchrer, Alois Himbert 2 zum\nSchatzmeister und Alois Himbert 1 zum Organisationsleiter. Als Beisitzer\ngeh\u00f6rten Andreas Kern, Dora Jost, Bernhard Blass und ein Mitglied des Obst- und\nGartenbauvereins 1919 K\u00f6llerbach diesem ersten Vorstand des F\u00f6rdervereins an.<br>\n&nbsp; &nbsp; &nbsp; Sein Vereinszweck wurde in der Satzung folgenderma\u00dfen\nbeschrieben: &#8222;Zweck des Vereins ist die Beschaffung von Geldmitteln zur\nHerrichtung und Gestaltung eines Dorfplatzes in P\u00fcttlingen, Stadtteil\nK\u00f6llerbach, Ortsteil Rittenhofen, mit dem Ziel, den l\u00e4ndlichen Charakter dieses\nOrtsteils zu erhalten und sein Bild zu versch\u00f6nern.&#8220;<br>\n&nbsp; &nbsp; &nbsp; Um diese Geldmittel beschaffen zu k\u00f6nnen, wurde\nbeschlossen, j\u00e4hrlich ein Dorffest zu veranstalten. Das erste fand am 21. und\n22. August 1982 statt.<\/p>\n\n\n\n<p>Seit 1990<\/p>\n\n\n\n<p>&nbsp; &nbsp; &nbsp; In der Mitgliederversammlung vom 04.M\u00e4rz 1990 gab es\neine Z\u00e4sur in der Vereinsf\u00fchrung, denn Jakob Arweiler und sein Stellvertreter\nG\u00fcnther Leidner stellten ihre \u00c4mter zur Verf\u00fcgung, um die Geschicke des Vereins\nin j\u00fcngere H\u00e4nde zu legen. In geheimer Wahl wurde G\u00fcnther Ludwig zum neuen\nVorsitzenden gew\u00e4hlt, und zu seinem Stellvertreter Johann Arweiler. Christa\nBlaser als Schriftf\u00fchrerin, Helmut Summer als Kassierer, Werner Telke als\nOrganisationsleiter und die Beisitzer Werner Hauer, Dora Jost und Alois Himbert\nwaren die weiteren Vorstandsmitglieder.<br>\n&nbsp; &nbsp; &nbsp; Dorfplatz und Backhaus in Rittenhofen blieben auch unter\nder neuen Vereinsf\u00fchrung der Platz f\u00fcr Geselligkeit und Gemeinschaft, eine\nBegegnungsst\u00e4tte f\u00fcr junge und alte B\u00fcrgerinnen und B\u00fcrger und das nicht nur\nbei den Rittenhofer Dorffesten.<br>\n&nbsp; &nbsp; &nbsp; Das blieb auch so, als 1994 mit Johann Arweiler ein neuer\nVorsitzender, mit Dora Jost seine neue Stellvertreterin gew\u00e4hlt worden waren.\nLeider fanden sich keine Vereinsmitglieder, die \u00c4mter eines Schatzmeisters und\neines Organisationsleiters \u00fcbernehmen wollten. Helmut Ziegler \u00fcbernahm\nkommissarisch die Kassengesch\u00e4fte, Manfred Zapp wurde kommissarischer\nOrganisationsleiter. Im Fr\u00fchjahr 1995 wurden beide von der Mitgliederversammlung\nin Ihren \u00c4mtern best\u00e4tigt.<br>\n&nbsp; &nbsp; &nbsp; Anno 2002, im Jahr seines 20-j\u00e4hrigen Bestehens, hat der\nF\u00f6rderverein \u201eDorf Rittenhofen e.V.\u201d 194 Mitglieder. Er wird gef\u00fchrt vom\nVorsitzenden Johann Arweiler, seiner Stellvertreterin Elisabeth Himbert,\nSchriftf\u00fchrerin Christa Blaser, Schatzmeister Helmut Ziegler,\nOrganisationsleiter Manfred Zapp und den Beisitzern Bernhard Blass, Alois\nHimbert, Helmut Summer und Ralf Dre\u00dfler.<br>\n&nbsp; &nbsp; &nbsp; Anno 2012, im Jahr seines 30-j\u00e4hrigen Bestehens, hat der\nVerein 275 Mitglieder. Ein erneuter Generationswechsel wurde erfolgreich\nvollzogen. Die Geschicke liegen nun in den H\u00e4nden vom Vorsitzenden Werner\nTelke, 2. Vorsitzender Ralf Dre\u00dfler, Kassiererin Melanie D\u00f6rr, Schriftf\u00fchrerin\nHeike Lippert, Organisationsleiter Andreas Kern und den Beisitzern Christiane\nBernardi, Wolfgang Blass, Elisabeth Himbert und Andrea Hubig. Alte,\nliebgewonnene Gewohnheiten und Veranstaltungen wurden \u00fcbernommen und neue Ideen\neingebracht. Rittenhofen erfreut sich wachsender Beliebtheit und trotzt seit\nJahren dem demografischen Trend in D\u00f6rfern und Vereinen.<br>\n&nbsp;<\/p>\n\n\n\n<p>\u00a9 2019 F\u00f6rderverein Dorf Rittenhofen e.V.<\/p>\n","protected":false},"excerpt":{"rendered":"<p>Vereinsgeschichte Vereinsgr\u00fcndung &nbsp; &nbsp; &nbsp; &#8222;Zur Organisation und Durchf\u00fchrung eines Dorffestes und der mit der Ortsversch\u00f6nerung verbundenen Aufgaben soll ein Interessenverein gegr\u00fcndet werden&#8220; hie\u00df es in der Einladung zur Gr\u00fcndungsversammlung am 24.M\u00e4rz 1982 im Gasthaus &#8222;Zur hohen First&#8220;. &nbsp; &nbsp; &nbsp; 33 Interessenten erschienen zur von Jakob Arweiler geleiteten Versammlung und bei einer Gegenstimme beschloss&hellip; <a href=\"https:\/\/rittenhofen.de\/?page_id=72\" class=\"more-link\">Weiterlesen <span class=\"screen-reader-text\">Geschichte<\/span><\/a><\/p>\n","protected":false},"author":1,"featured_media":0,"parent":0,"menu_order":0,"comment_status":"closed","ping_status":"closed","template":"","meta":{"footnotes":""},"tags":[],"class_list":["post-72","page","type-page","status-publish","hentry","without-featured-image"],"jetpack_sharing_enabled":true,"_links":{"self":[{"href":"https:\/\/rittenhofen.de\/index.php?rest_route=\/wp\/v2\/pages\/72","targetHints":{"allow":["GET"]}}],"collection":[{"href":"https:\/\/rittenhofen.de\/index.php?rest_route=\/wp\/v2\/pages"}],"about":[{"href":"https:\/\/rittenhofen.de\/index.php?rest_route=\/wp\/v2\/types\/page"}],"author":[{"embeddable":true,"href":"https:\/\/rittenhofen.de\/index.php?rest_route=\/wp\/v2\/users\/1"}],"replies":[{"embeddable":true,"href":"https:\/\/rittenhofen.de\/index.php?rest_route=%2Fwp%2Fv2%2Fcomments&post=72"}],"version-history":[{"count":0,"href":"https:\/\/rittenhofen.de\/index.php?rest_route=\/wp\/v2\/pages\/72\/revisions"}],"wp:attachment":[{"href":"https:\/\/rittenhofen.de\/index.php?rest_route=%2Fwp%2Fv2%2Fmedia&parent=72"}],"wp:term":[{"taxonomy":"post_tag","embeddable":true,"href":"https:\/\/rittenhofen.de\/index.php?rest_route=%2Fwp%2Fv2%2Ftags&post=72"}],"curies":[{"name":"wp","href":"https:\/\/api.w.org\/{rel}","templated":true}]}}