{"id":75,"date":"2019-09-10T18:55:11","date_gmt":"2019-09-10T16:55:11","guid":{"rendered":"https:\/\/rittenhofen.wordpress.com\/?page_id=75"},"modified":"2026-02-06T10:00:12","modified_gmt":"2026-02-06T10:00:12","slug":"mieten","status":"publish","type":"page","link":"https:\/\/rittenhofen.de\/?page_id=75","title":{"rendered":"Mieten"},"content":{"rendered":"\n<p>Das Backhaus kann man\nauch mieten:<\/p>\n\n\n\n<figure class=\"wp-block-image size-large\"><img loading=\"lazy\" decoding=\"async\" width=\"1296\" height=\"972\" src=\"http:\/\/rittenhofen.de\/wp-content\/uploads\/2019\/10\/backhaus-raum-1.jpg?w=1024\" alt=\"gedeckte Tafel\" class=\"wp-image-142\" srcset=\"https:\/\/rittenhofen.de\/wp-content\/uploads\/2019\/10\/backhaus-raum-1.jpg 1296w, https:\/\/rittenhofen.de\/wp-content\/uploads\/2019\/10\/backhaus-raum-1-300x225.jpg 300w, https:\/\/rittenhofen.de\/wp-content\/uploads\/2019\/10\/backhaus-raum-1-768x576.jpg 768w, https:\/\/rittenhofen.de\/wp-content\/uploads\/2019\/10\/backhaus-raum-1-1024x768.jpg 1024w\" sizes=\"auto, (max-width: 1296px) 100vw, 1296px\" \/><\/figure>\n\n\n\n<p><br>\nBestuhlung f\u00fcr 30 Personen, Blick zur K\u00fcche (Foto: rd, Sanierung 2014)<\/p>\n\n\n\n<figure class=\"wp-block-image size-large\"><img loading=\"lazy\" decoding=\"async\" width=\"1296\" height=\"972\" src=\"http:\/\/rittenhofen.de\/wp-content\/uploads\/2019\/10\/backhaus-raum-2.jpg?w=1024\" alt=\"gedeckte Tafel\" class=\"wp-image-143\" srcset=\"https:\/\/rittenhofen.de\/wp-content\/uploads\/2019\/10\/backhaus-raum-2.jpg 1296w, https:\/\/rittenhofen.de\/wp-content\/uploads\/2019\/10\/backhaus-raum-2-300x225.jpg 300w, https:\/\/rittenhofen.de\/wp-content\/uploads\/2019\/10\/backhaus-raum-2-768x576.jpg 768w, https:\/\/rittenhofen.de\/wp-content\/uploads\/2019\/10\/backhaus-raum-2-1024x768.jpg 1024w\" sizes=\"auto, (max-width: 1296px) 100vw, 1296px\" \/><\/figure>\n\n\n\n<p><br>\nBestuhlung f\u00fcr 30 Personen, Blick zur Backstube (Foto: rd, Sanierung 2014)<\/p>\n\n\n\n<figure class=\"wp-block-image size-large\"><img loading=\"lazy\" decoding=\"async\" width=\"1296\" height=\"942\" src=\"http:\/\/rittenhofen.de\/wp-content\/uploads\/2019\/10\/130413-tafel2.jpg?w=1024\" alt=\"gedeckte Tafel\" class=\"wp-image-144\" srcset=\"https:\/\/rittenhofen.de\/wp-content\/uploads\/2019\/10\/130413-tafel2.jpg 1296w, https:\/\/rittenhofen.de\/wp-content\/uploads\/2019\/10\/130413-tafel2-300x218.jpg 300w, https:\/\/rittenhofen.de\/wp-content\/uploads\/2019\/10\/130413-tafel2-768x558.jpg 768w, https:\/\/rittenhofen.de\/wp-content\/uploads\/2019\/10\/130413-tafel2-1024x744.jpg 1024w\" sizes=\"auto, (max-width: 1296px) 100vw, 1296px\" \/><\/figure>\n\n\n\n<p><br>\n&#8230;so sah es vorher aus (Foto: rd)<\/p>\n\n\n\n<p><strong>Informationen zum\nBackhaus<\/strong><\/p>\n\n\n\n<p>Im Gemeinschaftsraum\nbietet das Backhaus Platz f\u00fcr bis zu 30 Personen. Es gibt eine voll ausgestattete\nK\u00fcche mit Geschirr und K\u00fchlm\u00f6glichkeiten.<br>\n&nbsp;<\/p>\n\n\n\n<figure class=\"wp-block-image size-large\"><img loading=\"lazy\" decoding=\"async\" width=\"1296\" height=\"972\" src=\"http:\/\/rittenhofen.de\/wp-content\/uploads\/2019\/10\/161114-kueche1.jpg?w=1024\" alt=\"K\u00fcche 1\" class=\"wp-image-146\" srcset=\"https:\/\/rittenhofen.de\/wp-content\/uploads\/2019\/10\/161114-kueche1.jpg 1296w, https:\/\/rittenhofen.de\/wp-content\/uploads\/2019\/10\/161114-kueche1-300x225.jpg 300w, https:\/\/rittenhofen.de\/wp-content\/uploads\/2019\/10\/161114-kueche1-768x576.jpg 768w, https:\/\/rittenhofen.de\/wp-content\/uploads\/2019\/10\/161114-kueche1-1024x768.jpg 1024w\" sizes=\"auto, (max-width: 1296px) 100vw, 1296px\" \/><\/figure>\n\n\n\n<p><br>\nDie neue K\u00fcche von links &#8230; (Foto: rd)<\/p>\n\n\n\n<figure class=\"wp-block-image size-large\"><img loading=\"lazy\" decoding=\"async\" width=\"1296\" height=\"972\" src=\"http:\/\/rittenhofen.de\/wp-content\/uploads\/2019\/10\/161114-kueche2.jpg?w=1024\" alt=\"K\u00fcche 2\" class=\"wp-image-145\" srcset=\"https:\/\/rittenhofen.de\/wp-content\/uploads\/2019\/10\/161114-kueche2.jpg 1296w, https:\/\/rittenhofen.de\/wp-content\/uploads\/2019\/10\/161114-kueche2-300x225.jpg 300w, https:\/\/rittenhofen.de\/wp-content\/uploads\/2019\/10\/161114-kueche2-768x576.jpg 768w, https:\/\/rittenhofen.de\/wp-content\/uploads\/2019\/10\/161114-kueche2-1024x768.jpg 1024w\" sizes=\"auto, (max-width: 1296px) 100vw, 1296px\" \/><\/figure>\n\n\n\n<p><br>\n&#8230; nach rechts im November 2016. (Foto: rd)<\/p>\n\n\n\n<p>Es ist auf jeden Fall vorteilhaft, Vereinsmitglied zu sein, denn Mitglieder haben die M\u00f6glichkeit, das Backhaus zu erm\u00e4\u00dfigten Konditionen zu mieten.<br> &nbsp;<br> Der Vorstand bittet um Verst\u00e4ndnis, dass die R\u00e4umlichkeiten vorrangig den Vereinsmitgliedern und Rittenhofer B\u00fcrgern zur Verf\u00fcgung stehen.<br> &nbsp;<br> Nichtmitglieder k\u00f6nnen das Backhaus ausschlie\u00dflich f\u00fcr Familienfeiern ( z.B. Taufe, Konfirmationen, Kommunionen, Hochzeiten ) mieten.<br> &nbsp;<br> Am besten nutzen Sie das&nbsp;<a href=\"http:\/\/rittenhofen.de\/?page_id=268\">Kontaktformular<\/a> oder wenden Sich direkt an Elisabeth Himbert.<\/p>\n\n\n\n<p>\u00a9 2026 F\u00f6rderverein Dorf Rittenhofen e.V.<\/p>\n","protected":false},"excerpt":{"rendered":"<p>Das Backhaus kann man auch mieten: Bestuhlung f\u00fcr 30 Personen, Blick zur K\u00fcche (Foto: rd, Sanierung 2014) Bestuhlung f\u00fcr 30 Personen, Blick zur Backstube (Foto: rd, Sanierung 2014) &#8230;so sah es vorher aus (Foto: rd) Informationen zum Backhaus Im Gemeinschaftsraum bietet das Backhaus Platz f\u00fcr bis zu 30 Personen. Es gibt eine voll ausgestattete K\u00fcche&hellip; <a href=\"https:\/\/rittenhofen.de\/?page_id=75\" class=\"more-link\">Weiterlesen <span class=\"screen-reader-text\">Mieten<\/span><\/a><\/p>\n","protected":false},"author":1,"featured_media":0,"parent":0,"menu_order":0,"comment_status":"closed","ping_status":"closed","template":"","meta":{"footnotes":""},"tags":[],"class_list":["post-75","page","type-page","status-publish","hentry","without-featured-image"],"jetpack_sharing_enabled":true,"_links":{"self":[{"href":"https:\/\/rittenhofen.de\/index.php?rest_route=\/wp\/v2\/pages\/75","targetHints":{"allow":["GET"]}}],"collection":[{"href":"https:\/\/rittenhofen.de\/index.php?rest_route=\/wp\/v2\/pages"}],"about":[{"href":"https:\/\/rittenhofen.de\/index.php?rest_route=\/wp\/v2\/types\/page"}],"author":[{"embeddable":true,"href":"https:\/\/rittenhofen.de\/index.php?rest_route=\/wp\/v2\/users\/1"}],"replies":[{"embeddable":true,"href":"https:\/\/rittenhofen.de\/index.php?rest_route=%2Fwp%2Fv2%2Fcomments&post=75"}],"version-history":[{"count":4,"href":"https:\/\/rittenhofen.de\/index.php?rest_route=\/wp\/v2\/pages\/75\/revisions"}],"predecessor-version":[{"id":436,"href":"https:\/\/rittenhofen.de\/index.php?rest_route=\/wp\/v2\/pages\/75\/revisions\/436"}],"wp:attachment":[{"href":"https:\/\/rittenhofen.de\/index.php?rest_route=%2Fwp%2Fv2%2Fmedia&parent=75"}],"wp:term":[{"taxonomy":"post_tag","embeddable":true,"href":"https:\/\/rittenhofen.de\/index.php?rest_route=%2Fwp%2Fv2%2Ftags&post=75"}],"curies":[{"name":"wp","href":"https:\/\/api.w.org\/{rel}","templated":true}]}}