{"id":81,"date":"2019-09-10T18:55:53","date_gmt":"2019-09-10T16:55:53","guid":{"rendered":"https:\/\/rittenhofen.wordpress.com\/?page_id=81"},"modified":"2026-02-06T09:58:24","modified_gmt":"2026-02-06T09:58:24","slug":"impressum","status":"publish","type":"page","link":"https:\/\/rittenhofen.de\/?page_id=81","title":{"rendered":"Impressum"},"content":{"rendered":"\n<p>Impressum<\/p>\n\n\n\n<p>F\u00f6rderverein &#8222;Dorf Rittenhofen e.V.&#8220;<br> Backhaus<br> Rittenhofer Stra\u00dfe 43a<br> 66346 P\u00fcttlingen<br> &nbsp;<br> 1. Vorsitzender:<\/p>\n\n\n\n<p>Rainer Sander<br> Rittenhofer Stra\u00dfe<br> 66346 P\u00fcttlingen<br> &nbsp;Tel. 06806\/994744<\/p>\n\n\n\n<p><br> (Backhaus mieten,\u00a0<a href=\"https:\/\/www.rittenhofen.de\/backhaus\/mieten.html\">s. Backhaus => Mieten<\/a>)<br> \u00a0<br> E-Mail: rittenhofen@web.de<br> Internet: www.rittenhofen.de<br> \u00a0<br> Vertretungsberechtigter Vorstand:<br> Rainer Sander (Vorsitzender), Siegfried Darm, Ramona Schneider-Schwinn,<br> Anita Albert, Carina Bernardi<br> \u00a0<br> Registergericht: Amtsgericht V\u00f6lklingen<br> Registernummer: VR 598<\/p>\n\n\n\n<p><strong>Haftung<\/strong><br>\nWir haben alle Anstrengungen unternommen, um korrekte Informationen auf dieser\nWebsite zum Zeitpunkt der Ver\u00f6ffentlichung sicherzustellen. Der F\u00f6rderverein\n\u201eDorf Rittenhofen e.V.\u201c \u00fcbernimmt keine Garantie f\u00fcr die Richtigkeit der auf\ndieser Website enthaltenen Informationen. Die Nutzung der auf dieser Website\nenthaltenen Informationen geschieht auf eigene Gefahr.<\/p>\n\n\n\n<p><strong>Weiterf\u00fchrende Links<\/strong><br>\nAn verschiedenen Stellen unseres Informationsangebotes wird auf Websites\nDritter verwiesen. Die Links dienen ausschlie\u00dflich der Information &#8211; werben\njedoch nicht f\u00fcr die Inhalte dieser Seiten. Der F\u00f6rderverein \u201eDorf Rittenhofen\ne.V.\u201d hat keinerlei Einfluss auf die aktuelle und zuk\u00fcnftige Gestaltung und auf\ndie Inhalte der verkn\u00fcpften Seiten und macht sich diese nicht zu eigen. Deshalb\ndistanziert sich der F\u00f6rderverein \u201eDorf Rittenhofen e.V.\u201d hiermit ausdr\u00fccklich\nvon allen Inhalten aller verkn\u00fcpften Seiten. Diese Feststellung gilt f\u00fcr alle\ninnerhalb des eigenen Internetangebotes gesetzten Links und Verweise. F\u00fcr\nillegale, fehlerhafte oder unvollst\u00e4ndige Inhalte und insbesondere f\u00fcr Sch\u00e4den,\ndie aus der Nutzung oder Nichtnutzung solcher Informationen entstehen, haftet\nallein der Anbieter der Website, auf welche verwiesen wurde.<\/p>\n\n\n\n<p><strong>Urheberrechte<\/strong><br>\nAlle Seiten dieser Website unterliegen, wie alle Fotos, Texte, sonstige Details\nund das Design dem Urheberrecht.<\/p>\n\n\n\n<p>Fotos ( z.T.\nnachgearbeitet )<\/p>\n\n\n\n<p>rd &nbsp;Ralf Dre\u00dfler, mp Marco Philippi, ak Andreas Kern, rl Reinhard Lippert<\/p>\n\n\n\n<p>\u00a9 2026 F\u00f6rderverein \u201eDorf Rittenhofen e.V.\u201d<\/p>\n","protected":false},"excerpt":{"rendered":"<p>Impressum F\u00f6rderverein &#8222;Dorf Rittenhofen e.V.&#8220; Backhaus Rittenhofer Stra\u00dfe 43a 66346 P\u00fcttlingen &nbsp; 1. Vorsitzender: Rainer Sander Rittenhofer Stra\u00dfe 66346 P\u00fcttlingen &nbsp;Tel. 06806\/994744 (Backhaus mieten,\u00a0s. Backhaus => Mieten) \u00a0 E-Mail: rittenhofen@web.de Internet: www.rittenhofen.de \u00a0 Vertretungsberechtigter Vorstand: Rainer Sander (Vorsitzender), Siegfried Darm, Ramona Schneider-Schwinn, Anita Albert, Carina Bernardi \u00a0 Registergericht: Amtsgericht V\u00f6lklingen Registernummer: VR 598 Haftung Wir&hellip; <a href=\"https:\/\/rittenhofen.de\/?page_id=81\" class=\"more-link\">Weiterlesen <span class=\"screen-reader-text\">Impressum<\/span><\/a><\/p>\n","protected":false},"author":1,"featured_media":0,"parent":0,"menu_order":0,"comment_status":"closed","ping_status":"closed","template":"","meta":{"footnotes":""},"tags":[],"class_list":["post-81","page","type-page","status-publish","hentry","without-featured-image"],"jetpack_sharing_enabled":true,"_links":{"self":[{"href":"https:\/\/rittenhofen.de\/index.php?rest_route=\/wp\/v2\/pages\/81","targetHints":{"allow":["GET"]}}],"collection":[{"href":"https:\/\/rittenhofen.de\/index.php?rest_route=\/wp\/v2\/pages"}],"about":[{"href":"https:\/\/rittenhofen.de\/index.php?rest_route=\/wp\/v2\/types\/page"}],"author":[{"embeddable":true,"href":"https:\/\/rittenhofen.de\/index.php?rest_route=\/wp\/v2\/users\/1"}],"replies":[{"embeddable":true,"href":"https:\/\/rittenhofen.de\/index.php?rest_route=%2Fwp%2Fv2%2Fcomments&post=81"}],"version-history":[{"count":6,"href":"https:\/\/rittenhofen.de\/index.php?rest_route=\/wp\/v2\/pages\/81\/revisions"}],"predecessor-version":[{"id":435,"href":"https:\/\/rittenhofen.de\/index.php?rest_route=\/wp\/v2\/pages\/81\/revisions\/435"}],"wp:attachment":[{"href":"https:\/\/rittenhofen.de\/index.php?rest_route=%2Fwp%2Fv2%2Fmedia&parent=81"}],"wp:term":[{"taxonomy":"post_tag","embeddable":true,"href":"https:\/\/rittenhofen.de\/index.php?rest_route=%2Fwp%2Fv2%2Ftags&post=81"}],"curies":[{"name":"wp","href":"https:\/\/api.w.org\/{rel}","templated":true}]}}