{"id":84,"date":"2019-09-10T18:58:13","date_gmt":"2019-09-10T16:58:13","guid":{"rendered":"https:\/\/rittenhofen.wordpress.com\/?page_id=84"},"modified":"2019-09-10T18:58:13","modified_gmt":"2019-09-10T16:58:13","slug":"datenschutz","status":"publish","type":"page","link":"https:\/\/rittenhofen.de\/?page_id=84","title":{"rendered":"Datenschutz"},"content":{"rendered":"\n<p class=\"has-medium-font-size\"><strong>Datenschutzerkl\u00e4rung<\/strong><\/p>\n\n\n\n<p><strong>Datenschutz allgemein<\/strong><\/p>\n\n\n\n<p>Der Schutz personenbezogener Daten ist uns ein wichtiges Anliegen. Deshalb betreiben wir unsere Aktivit\u00e4ten in \u00dcbereinstimmung mit den anwendbaren Rechtsvorschriften zum Schutz personenbezogener Daten und zur Datensicherheit. Im Folgenden erfahren Sie, welche Informationen wir gegebenenfalls sammeln, wie wir damit umgehen und wem wir sie gegebenenfalls zur Verf\u00fcgung stellen.<\/p>\n\n\n\n<p><strong>Personenbezogene Daten <\/strong><\/p>\n\n\n\n<p>\u00dcber unsere Website erfassen wir keinerlei personenbezogene Daten (z.B. Namen, Anschriften, Telefonnummern oder E-Mail-Adressen), au\u00dfer wenn Sie uns solche Daten freiwillig zur Verf\u00fcgung stellen (z. B. durch Registrierung, Umfrage) bzw. eingewilligt haben oder die entsprechenden Rechtsvorschriften \u00fcber den Schutz Ihrer Daten dies erlauben.<\/p>\n\n\n\n<p><strong>Zweckbestimmung<\/strong><\/p>\n\n\n\n<p>Die von Ihnen zur Verf\u00fcgung gestellten personenbezogenen Daten verwenden wir im allgemeinen, um Ihre Anfragen zu beantworten, Ihre Auftr\u00e4ge zu bearbeiten oder Ihnen Zugang zu bestimmten Informationen oder Angeboten zu geben.<\/p>\n\n\n\n<p><strong>Zweckgebundene Verwendung<\/strong><\/p>\n\n\n\n<p>Der F\u00f6rderverein \u201eDorf Rittenhofen e.V.\u201d wird die von Ihnen online zur Verf\u00fcgung gestellten personenbezogenen Daten nur f\u00fcr die Ihnen mitgeteilten Zwecke erheben, verarbeiten und nutzen, au\u00dfer Sie haben um die Weitergabe zu einem bestimmten Zweck ausdr\u00fccklich (d.h. schriftlich) gebeten.Kommunikations- oder nutzungsbezogene Angaben Wenn Sie \u00fcber Telekommunikationsdienste auf unsere Website zugreifen, werden kommunikationsbezogene Angaben (z. B. Internet-Protokoll-Adresse) bzw. nutzungsbezogene Angaben (z.B. Angaben zu Nutzungsbeginn und -dauer sowie zu den von Ihnen genutzten Telekommunikationsdiensten) mit technischen Mitteln automatisch erzeugt. Diese k\u00f6nnen eventuell R\u00fcckschl\u00fcsse auf personenbezogene Daten zulassen. Soweit eine Erfassung, Verarbeitung und Verwendung Ihrer kommunikations- bzw. nutzungsbezogenen Angaben zwingend notwendig ist, unterliegt diese den gesetzlichen Regelungen zum Datenschutz. <\/p>\n\n\n\n<p><strong>Automatisch erfasste nicht-personenbezogene Daten<\/strong><\/p>\n\n\n\n<p> Wenn Sie auf unsere Website zugreifen, werden gelegentlich automatisch (also nicht \u00fcber eine Registrierung) Informationen gesammelt, die nicht einer bestimmten Person zugeordnet sind (z.B. verwendeter Internet-Browser und Betriebssystem; Domain-Name der Website, von der Sie kamen; Anzahl der Besuche; durchschnittliche Verweilzeit; aufgerufene Seiten). Wir verwenden diese Informationen, um die Attraktivit\u00e4t unserer Website zu ermitteln und deren Leistungsf\u00e4higkeit und Inhalte zu verbessern.<\/p>\n\n\n\n<p><strong>KinderPersonenbezogene<\/strong> <\/p>\n\n\n\n<p>Daten von Kindern wird der F\u00f6rderverein \u201eDorf Rittenhofen e.V.\u201d nicht wissentlich sammeln, ohne ausdr\u00fccklich darauf hinzuweisen, dass solche Daten nur mit Zustimmung der Eltern \u00fcbermittelt werden sollten, wenn anwendbare Rechtsvorschriften dies vorsehen.<\/p>\n\n\n\n<p><strong>Sicherheit<\/strong><\/p>\n\n\n\n<p>Der F\u00f6rderverein \u201eDorf Rittenhofen e.V.\u201d trifft technische und organisatorische Sicherheitsma\u00dfnahmen, um Ihre personenbezogenen Daten gegen unbeabsichtigte oder unrechtm\u00e4\u00dfige L\u00f6schung, Ver\u00e4nderung oder gegen Verlust und gegen unberechtigte Weitergabe oder unberechtigten Zugriff zu sch\u00fctzen.<\/p>\n\n\n\n<p> \u00a9 2019 F\u00f6rderverein Dorf Rittenhofen e.V. <\/p>\n","protected":false},"excerpt":{"rendered":"<p>Datenschutzerkl\u00e4rung Datenschutz allgemein Der Schutz personenbezogener Daten ist uns ein wichtiges Anliegen. Deshalb betreiben wir unsere Aktivit\u00e4ten in \u00dcbereinstimmung mit den anwendbaren Rechtsvorschriften zum Schutz personenbezogener Daten und zur Datensicherheit. Im Folgenden erfahren Sie, welche Informationen wir gegebenenfalls sammeln, wie wir damit umgehen und wem wir sie gegebenenfalls zur Verf\u00fcgung stellen. Personenbezogene Daten \u00dcber unsere&hellip; <a href=\"https:\/\/rittenhofen.de\/?page_id=84\" class=\"more-link\">Weiterlesen <span class=\"screen-reader-text\">Datenschutz<\/span><\/a><\/p>\n","protected":false},"author":1,"featured_media":0,"parent":0,"menu_order":0,"comment_status":"closed","ping_status":"closed","template":"","meta":{"footnotes":""},"tags":[],"class_list":["post-84","page","type-page","status-publish","hentry","without-featured-image"],"jetpack_sharing_enabled":true,"_links":{"self":[{"href":"https:\/\/rittenhofen.de\/index.php?rest_route=\/wp\/v2\/pages\/84","targetHints":{"allow":["GET"]}}],"collection":[{"href":"https:\/\/rittenhofen.de\/index.php?rest_route=\/wp\/v2\/pages"}],"about":[{"href":"https:\/\/rittenhofen.de\/index.php?rest_route=\/wp\/v2\/types\/page"}],"author":[{"embeddable":true,"href":"https:\/\/rittenhofen.de\/index.php?rest_route=\/wp\/v2\/users\/1"}],"replies":[{"embeddable":true,"href":"https:\/\/rittenhofen.de\/index.php?rest_route=%2Fwp%2Fv2%2Fcomments&post=84"}],"version-history":[{"count":0,"href":"https:\/\/rittenhofen.de\/index.php?rest_route=\/wp\/v2\/pages\/84\/revisions"}],"wp:attachment":[{"href":"https:\/\/rittenhofen.de\/index.php?rest_route=%2Fwp%2Fv2%2Fmedia&parent=84"}],"wp:term":[{"taxonomy":"post_tag","embeddable":true,"href":"https:\/\/rittenhofen.de\/index.php?rest_route=%2Fwp%2Fv2%2Ftags&post=84"}],"curies":[{"name":"wp","href":"https:\/\/api.w.org\/{rel}","templated":true}]}}